{"id":133,"date":"2024-01-09T07:50:19","date_gmt":"2024-01-09T07:50:19","guid":{"rendered":"https:\/\/archi2.oceanthemes.site\/industry\/?page_id=133"},"modified":"2026-04-17T11:01:30","modified_gmt":"2026-04-17T11:01:30","slug":"private-label-hizmetleri","status":"publish","type":"page","link":"https:\/\/www.erkalogistics.com.tr\/en\/private-label-hizmetleri\/","title":{"rendered":"\u00dcretim &amp; Private Label"},"content":{"rendered":"<div data-elementor-type=\"wp-page\" data-elementor-id=\"133\" class=\"elementor elementor-133\">\n\t\t\t\t<div class=\"elementor-element elementor-element-bfbe7c0 e-con-full e-flex e-con e-parent\" data-id=\"bfbe7c0\" data-element_type=\"container\" data-e-type=\"container\">\n\t\t<div class=\"elementor-element elementor-element-b68019d ot-jarallax e-flex e-con-boxed e-con e-child\" data-id=\"b68019d\" data-element_type=\"container\" data-e-type=\"container\" data-settings=\"{&quot;background_background&quot;:&quot;classic&quot;}\">\n\t\t\t\t\t<div class=\"e-con-inner\">\n\t\t<div class=\"elementor-element elementor-element-ee452ad e-con-full e-flex e-con e-child\" data-id=\"ee452ad\" data-element_type=\"container\" data-e-type=\"container\">\n\t\t\t\t<div class=\"elementor-element elementor-element-71deb6b elementor-widget elementor-widget-heading\" data-id=\"71deb6b\" data-element_type=\"widget\" data-e-type=\"widget\" data-widget_type=\"heading.default\">\n\t\t\t\t<div class=\"elementor-widget-container\">\n\t\t\t\t\t<h2 class=\"elementor-heading-title elementor-size-default\">\u00dcretim &amp; Private Label<\/h2>\t\t\t\t<\/div>\n\t\t\t\t<\/div>\n\t\t\t\t<\/div>\n\t\t\t\t\t<\/div>\n\t\t\t\t<\/div>\n\t\t\t\t<\/div>\n\t\t<div class=\"elementor-element elementor-element-05c6124 e-flex e-con-boxed e-con e-parent\" data-id=\"05c6124\" data-element_type=\"container\" data-e-type=\"container\">\n\t\t\t\t\t<div class=\"e-con-inner\">\n\t\t<div class=\"elementor-element elementor-element-ef9ce32 e-con-full e-flex e-con e-child\" data-id=\"ef9ce32\" data-element_type=\"container\" data-e-type=\"container\">\n\t\t\t\t<div class=\"elementor-element elementor-element-28f0ad5 elementor-widget elementor-widget-heading\" data-id=\"28f0ad5\" data-element_type=\"widget\" data-e-type=\"widget\" data-widget_type=\"heading.default\">\n\t\t\t\t<div class=\"elementor-widget-container\">\n\t\t\t\t\t<h2 class=\"elementor-heading-title elementor-size-default\">G\u00fc\u00e7l\u00fc Maden Altyap\u0131s\u0131<\/h2>\t\t\t\t<\/div>\n\t\t\t\t<\/div>\n\t\t<div class=\"elementor-element elementor-element-d56ddcb e-con-full e-flex e-con e-child\" data-id=\"d56ddcb\" data-element_type=\"container\" data-e-type=\"container\">\n\t\t\t\t<div class=\"elementor-element elementor-element-85f2113 elementor-widget elementor-widget-text-editor\" data-id=\"85f2113\" data-element_type=\"widget\" data-e-type=\"widget\" data-widget_type=\"text-editor.default\">\n\t\t\t\t<div class=\"elementor-widget-container\">\n\t\t\t\t\t\t\t\t\t<p>Bentonit ve sepiolit ocaklar\u0131m\u0131z sayesinde y\u00fcksek kaliteli hammaddeleri do\u011frudan kayna\u011f\u0131ndan temin ediyoruz. Bu sayede \u00fcretim s\u00fcre\u00e7lerinde kalite ve s\u00fcreklilik sa\u011fl\u0131yoruz.<\/p>\t\t\t\t\t\t\t\t<\/div>\n\t\t\t\t<\/div>\n\t\t\t\t<\/div>\n\t\t\t\t<\/div>\n\t\t<div class=\"elementor-element elementor-element-494f509 e-con-full e-flex e-con e-child\" data-id=\"494f509\" data-element_type=\"container\" data-e-type=\"container\">\n\t\t<div class=\"elementor-element elementor-element-848c69e e-con-full e-flex e-con e-child\" data-id=\"848c69e\" data-element_type=\"container\" data-e-type=\"container\">\n\t\t\t\t<\/div>\n\t\t\t\t<\/div>\n\t\t\t\t\t<\/div>\n\t\t\t\t<\/div>\n\t\t<div class=\"elementor-element elementor-element-f50d739 e-flex e-con-boxed e-con e-parent\" data-id=\"f50d739\" data-element_type=\"container\" data-e-type=\"container\">\n\t\t\t\t\t<div class=\"e-con-inner\">\n\t\t<div class=\"elementor-element elementor-element-e16a231 e-con-full e-flex e-con e-child\" data-id=\"e16a231\" data-element_type=\"container\" data-e-type=\"container\">\n\t\t<div class=\"elementor-element elementor-element-96ecf53 e-con-full e-flex e-con e-child\" data-id=\"96ecf53\" data-element_type=\"container\" data-e-type=\"container\">\n\t\t\t\t<\/div>\n\t\t\t\t<\/div>\n\t\t<div class=\"elementor-element elementor-element-e16f7a8 e-con-full e-flex e-con e-child\" data-id=\"e16f7a8\" data-element_type=\"container\" data-e-type=\"container\">\n\t\t\t\t<div class=\"elementor-element elementor-element-c5f4e88 elementor-widget elementor-widget-heading\" data-id=\"c5f4e88\" data-element_type=\"widget\" data-e-type=\"widget\" data-widget_type=\"heading.default\">\n\t\t\t\t<div class=\"elementor-widget-container\">\n\t\t\t\t\t<h2 class=\"elementor-heading-title elementor-size-default\">Modern \u00dcretim S\u00fcre\u00e7leri<\/h2>\t\t\t\t<\/div>\n\t\t\t\t<\/div>\n\t\t<div class=\"elementor-element elementor-element-04ab90a e-con-full e-flex e-con e-child\" data-id=\"04ab90a\" data-element_type=\"container\" data-e-type=\"container\">\n\t\t\t\t<div class=\"elementor-element elementor-element-060610a elementor-widget elementor-widget-text-editor\" data-id=\"060610a\" data-element_type=\"widget\" data-e-type=\"widget\" data-widget_type=\"text-editor.default\">\n\t\t\t\t<div class=\"elementor-widget-container\">\n\t\t\t\t\t\t\t\t\t<p>Geli\u015fmi\u015f \u00fcretim altyap\u0131m\u0131z ile farkl\u0131 gran\u00fcl ve \u00f6zelliklerde bentonit ve sepiolit \u00fcr\u00fcnler \u00fcretiyoruz. \u00dcretim s\u00fcre\u00e7lerimiz kalite standartlar\u0131na uygun \u015fekilde y\u00f6netilmektedir.<\/p>\t\t\t\t\t\t\t\t<\/div>\n\t\t\t\t<\/div>\n\t\t\t\t<\/div>\n\t\t\t\t<\/div>\n\t\t\t\t\t<\/div>\n\t\t\t\t<\/div>\n\t\t<div class=\"elementor-element elementor-element-10a32a1 e-flex e-con-boxed e-con e-parent\" data-id=\"10a32a1\" data-element_type=\"container\" data-e-type=\"container\">\n\t\t\t\t\t<div class=\"e-con-inner\">\n\t\t\t\t<div class=\"elementor-element elementor-element-60a492d elementor-widget elementor-widget-heading\" data-id=\"60a492d\" data-element_type=\"widget\" data-e-type=\"widget\" data-widget_type=\"heading.default\">\n\t\t\t\t<div class=\"elementor-widget-container\">\n\t\t\t\t\t<h1 class=\"elementor-heading-title elementor-size-default\">Private Label (Markal\u0131 \u00dcretim)<\/h1>\t\t\t\t<\/div>\n\t\t\t\t<\/div>\n\t\t<div class=\"elementor-element elementor-element-520ad19 e-con-full e-flex e-con e-child\" data-id=\"520ad19\" data-element_type=\"container\" data-e-type=\"container\">\n\t\t\t\t<div class=\"elementor-element elementor-element-a221e77 elementor-widget elementor-widget-text-editor\" data-id=\"a221e77\" data-element_type=\"widget\" data-e-type=\"widget\" data-widget_type=\"text-editor.default\">\n\t\t\t\t<div class=\"elementor-widget-container\">\n\t\t\t\t\t\t\t\t\t<p><strong>M\u00fc\u015fterilerimize kendi markalar\u0131 ile \u00fcr\u00fcn \u00fcretme imk\u00e2n\u0131 sunuyoruz. Ambalaj tasar\u0131m\u0131, marka konumland\u0131rma ve \u00fcretim s\u00fcre\u00e7lerini birlikte planl\u0131yoruz.<\/strong><\/p>\t\t\t\t\t\t\t\t<\/div>\n\t\t\t\t<\/div>\n\t\t\t\t<\/div>\n\t\t\t\t\t<\/div>\n\t\t\t\t<\/div>\n\t\t<div class=\"elementor-element elementor-element-a71bf07 e-flex e-con-boxed e-con e-parent\" data-id=\"a71bf07\" data-element_type=\"container\" data-e-type=\"container\">\n\t\t\t\t\t<div class=\"e-con-inner\">\n\t\t\t\t<div class=\"elementor-element elementor-element-5514970 elementor-widget elementor-widget-image\" data-id=\"5514970\" data-element_type=\"widget\" data-e-type=\"widget\" data-widget_type=\"image.default\">\n\t\t\t\t<div class=\"elementor-widget-container\">\n\t\t\t\t\t\t\t\t\t\t\t\t\t\t\t<img fetchpriority=\"high\" decoding=\"async\" width=\"1024\" height=\"572\" src=\"https:\/\/www.erkalogistics.com.tr\/wp-content\/uploads\/2026\/03\/hf_20260324_164225_8503058c-6e56-40d2-880f-069844177894-1024x572.jpeg\" class=\"attachment-large size-large wp-image-5014\" alt=\"\" srcset=\"https:\/\/www.erkalogistics.com.tr\/wp-content\/uploads\/2026\/03\/hf_20260324_164225_8503058c-6e56-40d2-880f-069844177894-1024x572.jpeg 1024w, https:\/\/www.erkalogistics.com.tr\/wp-content\/uploads\/2026\/03\/hf_20260324_164225_8503058c-6e56-40d2-880f-069844177894-300x167.jpeg 300w, https:\/\/www.erkalogistics.com.tr\/wp-content\/uploads\/2026\/03\/hf_20260324_164225_8503058c-6e56-40d2-880f-069844177894-768x429.jpeg 768w, https:\/\/www.erkalogistics.com.tr\/wp-content\/uploads\/2026\/03\/hf_20260324_164225_8503058c-6e56-40d2-880f-069844177894.jpeg 1376w\" sizes=\"(max-width: 1024px) 100vw, 1024px\" \/>\t\t\t\t\t\t\t\t\t\t\t\t\t\t\t<\/div>\n\t\t\t\t<\/div>\n\t\t\t\t\t<\/div>\n\t\t\t\t<\/div>\n\t\t\t\t<\/div>","protected":false},"excerpt":{"rendered":"<p>\u00dcretim &amp; Private Label G\u00fc\u00e7l\u00fc Maden Altyap\u0131s\u0131 Bentonit ve sepiolit ocaklar\u0131m\u0131z sayesinde y\u00fcksek kaliteli hammaddeleri do\u011frudan kayna\u011f\u0131ndan temin ediyoruz. Bu sayede \u00fcretim s\u00fcre\u00e7lerinde kalite ve s\u00fcreklilik sa\u011fl\u0131yoruz. Modern \u00dcretim S\u00fcre\u00e7leri Geli\u015fmi\u015f \u00fcretim altyap\u0131m\u0131z ile farkl\u0131 gran\u00fcl ve \u00f6zelliklerde bentonit ve sepiolit \u00fcr\u00fcnler \u00fcretiyoruz. \u00dcretim s\u00fcre\u00e7lerimiz kalite standartlar\u0131na uygun \u015fekilde y\u00f6netilmektedir. Private Label (Markal\u0131 \u00dcretim) M\u00fc\u015fterilerimize [&hellip;]<\/p>\n","protected":false},"author":1,"featured_media":0,"parent":0,"menu_order":0,"comment_status":"closed","ping_status":"closed","template":"","meta":{"footnotes":""},"class_list":["post-133","page","type-page","status-publish","hentry"],"_links":{"self":[{"href":"https:\/\/www.erkalogistics.com.tr\/en\/wp-json\/wp\/v2\/pages\/133","targetHints":{"allow":["GET"]}}],"collection":[{"href":"https:\/\/www.erkalogistics.com.tr\/en\/wp-json\/wp\/v2\/pages"}],"about":[{"href":"https:\/\/www.erkalogistics.com.tr\/en\/wp-json\/wp\/v2\/types\/page"}],"author":[{"embeddable":true,"href":"https:\/\/www.erkalogistics.com.tr\/en\/wp-json\/wp\/v2\/users\/1"}],"replies":[{"embeddable":true,"href":"https:\/\/www.erkalogistics.com.tr\/en\/wp-json\/wp\/v2\/comments?post=133"}],"version-history":[{"count":14,"href":"https:\/\/www.erkalogistics.com.tr\/en\/wp-json\/wp\/v2\/pages\/133\/revisions"}],"predecessor-version":[{"id":5085,"href":"https:\/\/www.erkalogistics.com.tr\/en\/wp-json\/wp\/v2\/pages\/133\/revisions\/5085"}],"wp:attachment":[{"href":"https:\/\/www.erkalogistics.com.tr\/en\/wp-json\/wp\/v2\/media?parent=133"}],"curies":[{"name":"wp","href":"https:\/\/api.w.org\/{rel}","templated":true}]}}